{"id":201,"date":"2026-02-05T13:21:24","date_gmt":"2026-02-05T13:21:24","guid":{"rendered":"https:\/\/granitycieslak.pl\/?page_id=201"},"modified":"2026-02-05T15:45:50","modified_gmt":"2026-02-05T15:45:50","slug":"nagrobki-pojedyncze","status":"publish","type":"page","link":"https:\/\/granitycieslak.pl\/?page_id=201","title":{"rendered":"Nagrobki."},"content":{"rendered":"\t\t<div data-elementor-type=\"wp-page\" data-elementor-id=\"201\" class=\"elementor elementor-201\">\n\t\t\t\t<div class=\"elementor-element elementor-element-7668b89 e-flex e-con-boxed e-con e-parent\" data-id=\"7668b89\" data-element_type=\"container\">\n\t\t\t\t\t<div class=\"e-con-inner\">\n\t\t<div class=\"elementor-element elementor-element-f077f7f e-con-full e-flex e-con e-child\" data-id=\"f077f7f\" data-element_type=\"container\">\n\t\t\t\t<div class=\"elementor-element elementor-element-1f7ad8b elementor-widget elementor-widget-heading\" data-id=\"1f7ad8b\" data-element_type=\"widget\" data-widget_type=\"heading.default\">\n\t\t\t\t\t<h2 class=\"elementor-heading-title elementor-size-default\">Oferujemy <\/h2>\t\t\t\t<\/div>\n\t\t\t\t<\/div>\n\t\t<div class=\"elementor-element elementor-element-963b758 e-con-full e-flex e-con e-child\" data-id=\"963b758\" data-element_type=\"container\">\n\t\t\t\t<div class=\"elementor-element elementor-element-f6f045b elementor-widget-tablet__width-initial elementor-widget-mobile__width-inherit elementor-widget__width-initial elementor-position-top elementor-widget elementor-widget-image-box\" data-id=\"f6f045b\" data-element_type=\"widget\" data-widget_type=\"image-box.default\">\n\t\t\t\t\t<div class=\"elementor-image-box-wrapper\"><figure class=\"elementor-image-box-img\"><a href=\"https:\/\/granitycieslak.pl\/?page_id=229\" tabindex=\"-1\"><img fetchpriority=\"high\" decoding=\"async\" width=\"300\" height=\"300\" src=\"https:\/\/granitycieslak.pl\/wp-content\/uploads\/2026\/02\/Flux_Dev_modern_cemetery_tombstone_160x200_cm_elegant_and_geom_1-300x300.webp\" class=\"elementor-animation-grow attachment-medium size-medium wp-image-186\" alt=\"\" srcset=\"https:\/\/granitycieslak.pl\/wp-content\/uploads\/2026\/02\/Flux_Dev_modern_cemetery_tombstone_160x200_cm_elegant_and_geom_1-300x300.webp 300w, https:\/\/granitycieslak.pl\/wp-content\/uploads\/2026\/02\/Flux_Dev_modern_cemetery_tombstone_160x200_cm_elegant_and_geom_1-1024x1024.webp 1024w, https:\/\/granitycieslak.pl\/wp-content\/uploads\/2026\/02\/Flux_Dev_modern_cemetery_tombstone_160x200_cm_elegant_and_geom_1-150x150.webp 150w, https:\/\/granitycieslak.pl\/wp-content\/uploads\/2026\/02\/Flux_Dev_modern_cemetery_tombstone_160x200_cm_elegant_and_geom_1-768x768.webp 768w, https:\/\/granitycieslak.pl\/wp-content\/uploads\/2026\/02\/Flux_Dev_modern_cemetery_tombstone_160x200_cm_elegant_and_geom_1.webp 1120w\" sizes=\"(max-width: 300px) 100vw, 300px\" \/><\/a><\/figure><div class=\"elementor-image-box-content\"><h4 class=\"elementor-image-box-title\"><a href=\"https:\/\/granitycieslak.pl\/?page_id=229\">Pojedyncze<\/a><\/h4><p class=\"elementor-image-box-description\">Tworzymy nagrobki z wysokiej jako\u015bci granitu, kt\u00f3re \u0142\u0105cz\u0105 elegancj\u0119 z trwa\u0142o\u015bci\u0105, zapewniaj\u0105c wyj\u0105tkowy spos\u00f3b upami\u0119tnienia bliskich.<\/p><\/div><\/div>\t\t\t\t<\/div>\n\t\t\t\t<div class=\"elementor-element elementor-element-efae569 elementor-widget-tablet__width-initial elementor-widget-mobile__width-inherit elementor-widget__width-initial elementor-position-top elementor-widget elementor-widget-image-box\" data-id=\"efae569\" data-element_type=\"widget\" data-widget_type=\"image-box.default\">\n\t\t\t\t\t<div class=\"elementor-image-box-wrapper\"><figure class=\"elementor-image-box-img\"><a href=\"https:\/\/granitycieslak.pl\/?page_id=220\" tabindex=\"-1\"><img decoding=\"async\" width=\"300\" height=\"300\" src=\"https:\/\/granitycieslak.pl\/wp-content\/uploads\/2026\/02\/file_00000000e20c71f48d3cbe027940395b-300x300.webp\" class=\"elementor-animation-grow attachment-medium size-medium wp-image-151\" alt=\"\" srcset=\"https:\/\/granitycieslak.pl\/wp-content\/uploads\/2026\/02\/file_00000000e20c71f48d3cbe027940395b-300x300.webp 300w, https:\/\/granitycieslak.pl\/wp-content\/uploads\/2026\/02\/file_00000000e20c71f48d3cbe027940395b-150x150.webp 150w, https:\/\/granitycieslak.pl\/wp-content\/uploads\/2026\/02\/file_00000000e20c71f48d3cbe027940395b-768x768.webp 768w, https:\/\/granitycieslak.pl\/wp-content\/uploads\/2026\/02\/file_00000000e20c71f48d3cbe027940395b.webp 1024w\" sizes=\"(max-width: 300px) 100vw, 300px\" \/><\/a><\/figure><div class=\"elementor-image-box-content\"><h4 class=\"elementor-image-box-title\"><a href=\"https:\/\/granitycieslak.pl\/?page_id=220\">Podw\u00f3jne<\/a><\/h4><p class=\"elementor-image-box-description\">Oferujemy parapety granitowe, kt\u00f3re dodaj\u0105 stylu i funkcjonalno\u015bci do ka\u017cdego wn\u0119trza, wzbogacaj\u0105c je o naturalny urok kamienia.<\/p><\/div><\/div>\t\t\t\t<\/div>\n\t\t\t\t<div class=\"elementor-element elementor-element-9fa324a elementor-widget-tablet__width-initial elementor-widget-mobile__width-inherit elementor-widget__width-initial elementor-position-top elementor-widget elementor-widget-image-box\" data-id=\"9fa324a\" data-element_type=\"widget\" data-widget_type=\"image-box.default\">\n\t\t\t\t\t<div class=\"elementor-image-box-wrapper\"><figure class=\"elementor-image-box-img\"><a href=\"https:\/\/granitycieslak.pl\/?page_id=241\" tabindex=\"-1\"><img decoding=\"async\" width=\"200\" height=\"300\" src=\"https:\/\/granitycieslak.pl\/wp-content\/uploads\/2026\/02\/ChatGPT-Image-4-lut-2026-23_26_35-200x300.webp\" class=\"elementor-animation-grow attachment-medium size-medium wp-image-155\" alt=\"\" srcset=\"https:\/\/granitycieslak.pl\/wp-content\/uploads\/2026\/02\/ChatGPT-Image-4-lut-2026-23_26_35-200x300.webp 200w, https:\/\/granitycieslak.pl\/wp-content\/uploads\/2026\/02\/ChatGPT-Image-4-lut-2026-23_26_35-683x1024.webp 683w, https:\/\/granitycieslak.pl\/wp-content\/uploads\/2026\/02\/ChatGPT-Image-4-lut-2026-23_26_35-768x1152.webp 768w, https:\/\/granitycieslak.pl\/wp-content\/uploads\/2026\/02\/ChatGPT-Image-4-lut-2026-23_26_35.webp 1024w\" sizes=\"(max-width: 200px) 100vw, 200px\" \/><\/a><\/figure><div class=\"elementor-image-box-content\"><h4 class=\"elementor-image-box-title\"><a href=\"https:\/\/granitycieslak.pl\/?page_id=241\">Urnowe<\/a><\/h4><p class=\"elementor-image-box-description\">Nasze blaty kuchenne i \u0142azienkowe z kamienia to doskona\u0142y wyb\u00f3r dla tych, kt\u00f3rzy ceni\u0105 sobie jako\u015b\u0107 i estetyk\u0119 w codziennym u\u017cytkowaniu.<\/p><\/div><\/div>\t\t\t\t<\/div>\n\t\t\t\t<\/div>\n\t\t<div class=\"elementor-element elementor-element-933bba4 e-con-full e-flex e-con e-child\" data-id=\"933bba4\" data-element_type=\"container\">\n\t\t\t\t<div class=\"elementor-element elementor-element-8f77cef elementor-widget-tablet__width-initial elementor-widget-mobile__width-inherit elementor-widget__width-initial elementor-position-top elementor-widget elementor-widget-image-box\" data-id=\"8f77cef\" data-element_type=\"widget\" data-widget_type=\"image-box.default\">\n\t\t\t\t\t<div class=\"elementor-image-box-wrapper\"><figure class=\"elementor-image-box-img\"><a href=\"https:\/\/granitycieslak.pl\/?page_id=249\" tabindex=\"-1\"><img fetchpriority=\"high\" decoding=\"async\" width=\"300\" height=\"300\" src=\"https:\/\/granitycieslak.pl\/wp-content\/uploads\/2026\/02\/Flux_Dev_modern_cemetery_tombstone_160x200_cm_elegant_and_geom_1-300x300.webp\" class=\"elementor-animation-grow attachment-medium size-medium wp-image-186\" alt=\"\" srcset=\"https:\/\/granitycieslak.pl\/wp-content\/uploads\/2026\/02\/Flux_Dev_modern_cemetery_tombstone_160x200_cm_elegant_and_geom_1-300x300.webp 300w, https:\/\/granitycieslak.pl\/wp-content\/uploads\/2026\/02\/Flux_Dev_modern_cemetery_tombstone_160x200_cm_elegant_and_geom_1-1024x1024.webp 1024w, https:\/\/granitycieslak.pl\/wp-content\/uploads\/2026\/02\/Flux_Dev_modern_cemetery_tombstone_160x200_cm_elegant_and_geom_1-150x150.webp 150w, https:\/\/granitycieslak.pl\/wp-content\/uploads\/2026\/02\/Flux_Dev_modern_cemetery_tombstone_160x200_cm_elegant_and_geom_1-768x768.webp 768w, https:\/\/granitycieslak.pl\/wp-content\/uploads\/2026\/02\/Flux_Dev_modern_cemetery_tombstone_160x200_cm_elegant_and_geom_1.webp 1120w\" sizes=\"(max-width: 300px) 100vw, 300px\" \/><\/a><\/figure><div class=\"elementor-image-box-content\"><h4 class=\"elementor-image-box-title\"><a href=\"https:\/\/granitycieslak.pl\/?page_id=249\">Grobowce<\/a><\/h4><p class=\"elementor-image-box-description\">Tworzymy nagrobki z wysokiej jako\u015bci granitu, kt\u00f3re \u0142\u0105cz\u0105 elegancj\u0119 z trwa\u0142o\u015bci\u0105, zapewniaj\u0105c wyj\u0105tkowy spos\u00f3b upami\u0119tnienia bliskich.<\/p><\/div><\/div>\t\t\t\t<\/div>\n\t\t\t\t<div class=\"elementor-element elementor-element-187fc40 elementor-widget-tablet__width-initial elementor-widget-mobile__width-inherit elementor-widget__width-initial elementor-position-top elementor-widget elementor-widget-image-box\" data-id=\"187fc40\" data-element_type=\"widget\" data-widget_type=\"image-box.default\">\n\t\t\t\t\t<div class=\"elementor-image-box-wrapper\"><figure class=\"elementor-image-box-img\"><a href=\"https:\/\/granitycieslak.pl\/?page_id=257\" tabindex=\"-1\"><img decoding=\"async\" width=\"300\" height=\"300\" src=\"https:\/\/granitycieslak.pl\/wp-content\/uploads\/2026\/02\/file_00000000e20c71f48d3cbe027940395b-300x300.webp\" class=\"elementor-animation-grow attachment-medium size-medium wp-image-151\" alt=\"\" srcset=\"https:\/\/granitycieslak.pl\/wp-content\/uploads\/2026\/02\/file_00000000e20c71f48d3cbe027940395b-300x300.webp 300w, https:\/\/granitycieslak.pl\/wp-content\/uploads\/2026\/02\/file_00000000e20c71f48d3cbe027940395b-150x150.webp 150w, https:\/\/granitycieslak.pl\/wp-content\/uploads\/2026\/02\/file_00000000e20c71f48d3cbe027940395b-768x768.webp 768w, https:\/\/granitycieslak.pl\/wp-content\/uploads\/2026\/02\/file_00000000e20c71f48d3cbe027940395b.webp 1024w\" sizes=\"(max-width: 300px) 100vw, 300px\" \/><\/a><\/figure><div class=\"elementor-image-box-content\"><h4 class=\"elementor-image-box-title\"><a href=\"https:\/\/granitycieslak.pl\/?page_id=257\">Dzieci\u0119ce<\/a><\/h4><p class=\"elementor-image-box-description\">Oferujemy parapety granitowe, kt\u00f3re dodaj\u0105 stylu i funkcjonalno\u015bci do ka\u017cdego wn\u0119trza, wzbogacaj\u0105c je o naturalny urok kamienia.<\/p><\/div><\/div>\t\t\t\t<\/div>\n\t\t\t\t<div class=\"elementor-element elementor-element-f44ea15 elementor-widget-tablet__width-initial elementor-widget-mobile__width-inherit elementor-widget__width-initial elementor-position-top elementor-widget elementor-widget-image-box\" data-id=\"f44ea15\" data-element_type=\"widget\" data-widget_type=\"image-box.default\">\n\t\t\t\t\t<div class=\"elementor-image-box-wrapper\"><figure class=\"elementor-image-box-img\"><a href=\"https:\/\/granitycieslak.pl\/?page_id=265\" tabindex=\"-1\"><img decoding=\"async\" width=\"200\" height=\"300\" src=\"https:\/\/granitycieslak.pl\/wp-content\/uploads\/2026\/02\/ChatGPT-Image-4-lut-2026-23_26_35-200x300.webp\" class=\"elementor-animation-grow attachment-medium size-medium wp-image-155\" alt=\"\" srcset=\"https:\/\/granitycieslak.pl\/wp-content\/uploads\/2026\/02\/ChatGPT-Image-4-lut-2026-23_26_35-200x300.webp 200w, https:\/\/granitycieslak.pl\/wp-content\/uploads\/2026\/02\/ChatGPT-Image-4-lut-2026-23_26_35-683x1024.webp 683w, https:\/\/granitycieslak.pl\/wp-content\/uploads\/2026\/02\/ChatGPT-Image-4-lut-2026-23_26_35-768x1152.webp 768w, https:\/\/granitycieslak.pl\/wp-content\/uploads\/2026\/02\/ChatGPT-Image-4-lut-2026-23_26_35.webp 1024w\" sizes=\"(max-width: 200px) 100vw, 200px\" \/><\/a><\/figure><div class=\"elementor-image-box-content\"><h4 class=\"elementor-image-box-title\"><a href=\"https:\/\/granitycieslak.pl\/?page_id=265\">Dodatki<\/a><\/h4><p class=\"elementor-image-box-description\">Nasze blaty kuchenne i \u0142azienkowe z kamienia to doskona\u0142y wyb\u00f3r dla tych, kt\u00f3rzy ceni\u0105 sobie jako\u015b\u0107 i estetyk\u0119 w codziennym u\u017cytkowaniu.<\/p><\/div><\/div>\t\t\t\t<\/div>\n\t\t\t\t<\/div>\n\t\t\t\t\t<\/div>\n\t\t\t\t<\/div>\n\t\t<div class=\"elementor-element elementor-element-0ef0045 e-grid e-con-boxed e-con e-parent\" data-id=\"0ef0045\" data-element_type=\"container\">\n\t\t\t\t\t<div class=\"e-con-inner\">\n\t\t\t\t<div class=\"elementor-element elementor-element-c9b92d8 elementor-widget elementor-widget-image\" data-id=\"c9b92d8\" data-element_type=\"widget\" data-widget_type=\"image.default\">\n\t\t\t\t\t\t\t\t\t\t\t\t<figure class=\"wp-caption\">\n\t\t\t\t\t\t\t\t\t\t\t<a href=\"https:\/\/granitycieslak.pl\/wp-content\/uploads\/2026\/01\/IMG20251215132448-scaled.jpg\" data-elementor-open-lightbox=\"yes\" data-elementor-lightbox-title=\"oplus_8388642\" data-e-action-hash=\"#elementor-action%3Aaction%3Dlightbox%26settings%3DeyJpZCI6ODYsInVybCI6Imh0dHBzOlwvXC9ncmFuaXR5Y2llc2xhay5wbFwvd3AtY29udGVudFwvdXBsb2Fkc1wvMjAyNlwvMDFcL0lNRzIwMjUxMjE1MTMyNDQ4LXNjYWxlZC53ZWJwIn0%3D\">\n\t\t\t\t\t\t\t<img loading=\"lazy\" decoding=\"async\" width=\"169\" height=\"300\" src=\"https:\/\/granitycieslak.pl\/wp-content\/uploads\/2026\/01\/IMG20251215132448-169x300.webp\" class=\"attachment-medium size-medium wp-image-86\" alt=\"\" srcset=\"https:\/\/granitycieslak.pl\/wp-content\/uploads\/2026\/01\/IMG20251215132448-169x300.webp 169w, https:\/\/granitycieslak.pl\/wp-content\/uploads\/2026\/01\/IMG20251215132448-576x1024.webp 576w, https:\/\/granitycieslak.pl\/wp-content\/uploads\/2026\/01\/IMG20251215132448-768x1365.webp 768w, https:\/\/granitycieslak.pl\/wp-content\/uploads\/2026\/01\/IMG20251215132448-864x1536.webp 864w, https:\/\/granitycieslak.pl\/wp-content\/uploads\/2026\/01\/IMG20251215132448-scaled.webp 1080w\" sizes=\"(max-width: 169px) 100vw, 169px\" \/>\t\t\t\t\t\t\t\t<\/a>\n\t\t\t\t\t\t\t\t\t\t\t<figcaption class=\"widget-image-caption wp-caption-text\">100<\/figcaption>\n\t\t\t\t\t\t\t\t\t\t<\/figure>\n\t\t\t\t\t\t\t\t\t<\/div>\n\t\t\t\t<div class=\"elementor-element elementor-element-fecdd88 elementor-widget elementor-widget-image\" data-id=\"fecdd88\" data-element_type=\"widget\" data-widget_type=\"image.default\">\n\t\t\t\t\t\t\t\t\t\t\t\t<figure class=\"wp-caption\">\n\t\t\t\t\t\t\t\t\t\t\t<a href=\"https:\/\/granitycieslak.pl\/wp-content\/uploads\/2026\/01\/IMG20251222142819-scaled.jpg\" data-elementor-open-lightbox=\"yes\" data-elementor-lightbox-title=\"oplus_8388642\" data-e-action-hash=\"#elementor-action%3Aaction%3Dlightbox%26settings%3DeyJpZCI6ODcsInVybCI6Imh0dHBzOlwvXC9ncmFuaXR5Y2llc2xhay5wbFwvd3AtY29udGVudFwvdXBsb2Fkc1wvMjAyNlwvMDFcL0lNRzIwMjUxMjIyMTQyODE5LXNjYWxlZC53ZWJwIn0%3D\">\n\t\t\t\t\t\t\t<img loading=\"lazy\" decoding=\"async\" width=\"169\" height=\"300\" src=\"https:\/\/granitycieslak.pl\/wp-content\/uploads\/2026\/01\/IMG20251222142819-169x300.webp\" class=\"attachment-medium size-medium wp-image-87\" alt=\"\" srcset=\"https:\/\/granitycieslak.pl\/wp-content\/uploads\/2026\/01\/IMG20251222142819-169x300.webp 169w, https:\/\/granitycieslak.pl\/wp-content\/uploads\/2026\/01\/IMG20251222142819-576x1024.webp 576w, https:\/\/granitycieslak.pl\/wp-content\/uploads\/2026\/01\/IMG20251222142819-768x1365.webp 768w, https:\/\/granitycieslak.pl\/wp-content\/uploads\/2026\/01\/IMG20251222142819-864x1536.webp 864w, https:\/\/granitycieslak.pl\/wp-content\/uploads\/2026\/01\/IMG20251222142819-scaled.webp 1080w\" sizes=\"(max-width: 169px) 100vw, 169px\" \/>\t\t\t\t\t\t\t\t<\/a>\n\t\t\t\t\t\t\t\t\t\t\t<figcaption class=\"widget-image-caption wp-caption-text\">101<\/figcaption>\n\t\t\t\t\t\t\t\t\t\t<\/figure>\n\t\t\t\t\t\t\t\t\t<\/div>\n\t\t\t\t<div class=\"elementor-element elementor-element-4ac54bc elementor-widget elementor-widget-image\" data-id=\"4ac54bc\" data-element_type=\"widget\" data-widget_type=\"image.default\">\n\t\t\t\t\t\t\t\t\t\t\t\t<figure class=\"wp-caption\">\n\t\t\t\t\t\t\t\t\t\t\t<a href=\"https:\/\/granitycieslak.pl\/wp-content\/uploads\/2026\/01\/IMG20251215132627-scaled.jpg\" data-elementor-open-lightbox=\"yes\" data-elementor-lightbox-title=\"oplus_8388642\" data-e-action-hash=\"#elementor-action%3Aaction%3Dlightbox%26settings%3DeyJpZCI6ODQsInVybCI6Imh0dHBzOlwvXC9ncmFuaXR5Y2llc2xhay5wbFwvd3AtY29udGVudFwvdXBsb2Fkc1wvMjAyNlwvMDFcL0lNRzIwMjUxMjE1MTMyNjI3LXNjYWxlZC53ZWJwIn0%3D\">\n\t\t\t\t\t\t\t<img loading=\"lazy\" decoding=\"async\" width=\"169\" height=\"300\" src=\"https:\/\/granitycieslak.pl\/wp-content\/uploads\/2026\/01\/IMG20251215132627-169x300.webp\" class=\"attachment-medium size-medium wp-image-84\" alt=\"\" srcset=\"https:\/\/granitycieslak.pl\/wp-content\/uploads\/2026\/01\/IMG20251215132627-169x300.webp 169w, https:\/\/granitycieslak.pl\/wp-content\/uploads\/2026\/01\/IMG20251215132627-scaled.webp 1080w\" sizes=\"(max-width: 169px) 100vw, 169px\" \/>\t\t\t\t\t\t\t\t<\/a>\n\t\t\t\t\t\t\t\t\t\t\t<figcaption class=\"widget-image-caption wp-caption-text\">102<\/figcaption>\n\t\t\t\t\t\t\t\t\t\t<\/figure>\n\t\t\t\t\t\t\t\t\t<\/div>\n\t\t\t\t\t<\/div>\n\t\t\t\t<\/div>\n\t\t\t\t<\/div>\n\t\t","protected":false},"excerpt":{"rendered":"<p>Oferujemy Pojedyncze Tworzymy nagrobki z wysokiej jako\u015bci granitu, kt\u00f3re \u0142\u0105cz\u0105 elegancj\u0119 z trwa\u0142o\u015bci\u0105, zapewniaj\u0105c wyj\u0105tkowy spos\u00f3b upami\u0119tnienia bliskich. Podw\u00f3jne Oferujemy parapety granitowe, kt\u00f3re dodaj\u0105 stylu i funkcjonalno\u015bci do ka\u017cdego wn\u0119trza, wzbogacaj\u0105c je o naturalny urok kamienia. Urnowe Nasze blaty kuchenne i \u0142azienkowe z kamienia to doskona\u0142y wyb\u00f3r dla tych, kt\u00f3rzy ceni\u0105 sobie jako\u015b\u0107 i estetyk\u0119 [&hellip;]<\/p>\n","protected":false},"author":1,"featured_media":0,"parent":0,"menu_order":0,"comment_status":"closed","ping_status":"closed","template":"","meta":{"footnotes":""},"class_list":["post-201","page","type-page","status-publish","hentry"],"_links":{"self":[{"href":"https:\/\/granitycieslak.pl\/index.php?rest_route=\/wp\/v2\/pages\/201","targetHints":{"allow":["GET"]}}],"collection":[{"href":"https:\/\/granitycieslak.pl\/index.php?rest_route=\/wp\/v2\/pages"}],"about":[{"href":"https:\/\/granitycieslak.pl\/index.php?rest_route=\/wp\/v2\/types\/page"}],"author":[{"embeddable":true,"href":"https:\/\/granitycieslak.pl\/index.php?rest_route=\/wp\/v2\/users\/1"}],"replies":[{"embeddable":true,"href":"https:\/\/granitycieslak.pl\/index.php?rest_route=%2Fwp%2Fv2%2Fcomments&post=201"}],"version-history":[{"count":34,"href":"https:\/\/granitycieslak.pl\/index.php?rest_route=\/wp\/v2\/pages\/201\/revisions"}],"predecessor-version":[{"id":278,"href":"https:\/\/granitycieslak.pl\/index.php?rest_route=\/wp\/v2\/pages\/201\/revisions\/278"}],"wp:attachment":[{"href":"https:\/\/granitycieslak.pl\/index.php?rest_route=%2Fwp%2Fv2%2Fmedia&parent=201"}],"curies":[{"name":"wp","href":"https:\/\/api.w.org\/{rel}","templated":true}]}}